{"id":1932,"date":"2023-02-05T20:47:05","date_gmt":"2023-02-05T20:47:05","guid":{"rendered":"https:\/\/paymentmasta.com\/?page_id=1932"},"modified":"2025-09-16T04:42:26","modified_gmt":"2025-09-16T04:42:26","slug":"allgemeine-geschaftsbedingungen","status":"publish","type":"page","link":"http:\/\/paymentmasta.com\/de\/allgemeine-geschaftsbedingungen\/","title":{"rendered":"Allgemeine-Gesch\u00e4ftsbedingungen"},"content":{"rendered":"\t\t<div data-elementor-type=\"wp-page\" data-elementor-id=\"1932\" class=\"elementor elementor-1932\">\n\t\t\t\t\t\t<section class=\"elementor-section elementor-top-section elementor-element elementor-element-ae17853 elementor-section-boxed elementor-section-height-default elementor-section-height-default\" data-id=\"ae17853\" data-element_type=\"section\" id=\"agbb\">\n\t\t\t\t\t\t<div class=\"elementor-container elementor-column-gap-default\">\n\t\t\t\t\t<div class=\"elementor-column elementor-col-100 elementor-top-column elementor-element elementor-element-d5f5557\" data-id=\"d5f5557\" data-element_type=\"column\">\n\t\t\t<div class=\"elementor-widget-wrap elementor-element-populated\">\n\t\t\t\t\t\t<div class=\"elementor-element elementor-element-e2610b3 elementor-widget elementor-widget-heading\" data-id=\"e2610b3\" data-element_type=\"widget\" data-widget_type=\"heading.default\">\n\t\t\t\t<div class=\"elementor-widget-container\">\n\t\t\t\t\t<h2 class=\"elementor-heading-title elementor-size-default\">Allgemeine Gescha\u0308ftsbedingungen<\/h2>\t\t\t\t<\/div>\n\t\t\t\t<\/div>\n\t\t\t\t\t<\/div>\n\t\t<\/div>\n\t\t\t\t\t<\/div>\n\t\t<\/section>\n\t\t\t\t<section class=\"elementor-section elementor-top-section elementor-element elementor-element-612b1af elementor-section-boxed elementor-section-height-default elementor-section-height-default\" data-id=\"612b1af\" data-element_type=\"section\" id=\"agb\">\n\t\t\t\t\t\t<div class=\"elementor-container elementor-column-gap-default\">\n\t\t\t\t\t<div class=\"elementor-column elementor-col-100 elementor-top-column elementor-element elementor-element-b897fe4\" data-id=\"b897fe4\" data-element_type=\"column\">\n\t\t\t<div class=\"elementor-widget-wrap elementor-element-populated\">\n\t\t\t\t\t\t<div class=\"elementor-element elementor-element-7e2e88a elementor-widget elementor-widget-text-editor\" data-id=\"7e2e88a\" data-element_type=\"widget\" data-widget_type=\"text-editor.default\">\n\t\t\t\t<div class=\"elementor-widget-container\">\n\t\t\t\t\t\t\t\t\t<ol><li>Allgemeines<ol><li>Diese Allgemeinen Gescha\u0308ftsbedingungen (nachfolgend: AGB) regeln die Rechte und Pflichten im<br \/>Zusammenhang mit der Nutzung der Leistungen des Anbieters PaymentMasta und des PaymentMasta Kunden im<br \/>Zusammenhang mit der Inanspruchnahme der PaymentMasta Leistungen und der weiteren angebotenen Dienste,<br \/>Anwendungen, mobilen Anwendungen und Funktionen, die von PaymentMasta angeboten werden, sofern<br \/>PaymentMasta nicht ausdru\u0308cklich etwas anderes festlegt.<\/li><li>Es gelten ausschlie\u00dflich die AGB von PaymentMasta. Entgegenstehende oder von diesen AGB abweichende<br \/>Bedingungen des PaymentMasta Kunden werden nicht anerkannt, es sei denn, dass PaymentMasta der Geltung<br \/>ausdru\u0308cklich in Textform zugestimmt hat. Diese AGB gelten auch dann, wenn PaymentMasta in Kenntnis<br \/>entgegenstehender oder von diesen AGB abweichenden Bedingungen des PaymentMasta Kunden der PaymentMasta<br \/>Leistungen an den PaymentMasta Kunden vorbehaltlos erbringt.<\/li><li>Ferner kann PaymentMasta mit Zustimmung des PaymentMasta Kunden, den Inhalt des bestehenden Vertrages<br \/>sowie diese Gescha\u0308ftsbedingungen a\u0308ndern. Die Zustimmung zur A\u0308nderung gilt als erteilt, wenn der Kunde<br \/>der A\u0308nderung nicht innerhalb eines Monats nach Zugang der A\u0308nderungsmitteilung widerspricht.<br \/>PaymentMasta verpflichtet sich, den Kunden im Zuge der A\u0308nderungsmitteilung auf die Folgen eines<br \/>unterlassenen Widerspruchs hinzuweisen.<\/li><li>Ma\u00dfgebend ist die deutsche Version dieser Bedingungen.<\/li><\/ol><\/li><li>Angebot und Vertragsabschluss<ol><li>Sofern nicht anderweitig vereinbart, bleibt PaymentMasta 30 Tage an das Angebot gebunden. Angebote von<br \/>PaymentMasta, die aufgrund ungenauer oder noch nicht vorliegender Angaben erfolgen, gelten als<br \/>grundsa\u0308tzliche Bereitschaft zum Vertragsabschluss, nicht aber als verbindliches Angebot. Darin<br \/>enthaltene Preisangaben haben unverbindlichen Richtpreis Charakter.<\/li><li>Der Vertrag zwischen PaymentMasta und dem PaymentMasta Kunden kommt durch die Ru\u0308ckgabe des<br \/>unterzeichneten Angebots zustande. Bei Kleinauftra\u0308gen, fu\u0308r welche kein schriftliches Angebot erstellt<br \/>wird, kommt der Vertrag bei Auftragserteilung seitens des PaymentMasta Kunden zustande.<\/li><li>Die Mindestlaufzeit der Vertra\u0308ge entspricht der jeweils gewa\u0308hlten Vertragsdauer. Nach Ablauf dieser<br \/>Mindestvertragsdauer wird der Vertrag jeweils um dieselbe Laufzeit verla\u0308ngert. Die Ku\u0308ndigung muss 30<br \/>Tage vor Ablauf des Abos schriftlich erfolgen, sofern die automatische Verla\u0308ngerung nicht innerhalb<br \/>dieses Zeitraums deaktiviert wird.<\/li><li>Die Angebote von PaymentMasta verstehen sich als Richtpreisangebote. Die Angaben der Anzahl<br \/>Zeiteinheiten beruhen auf einer Annahme. Die Arbeiten werden nach Aufwand ausgefu\u0308hrt. Die Abrechnung<br \/>erfolgt nach effektivem Aufwand, was zu einer Abweichung von +\/- 10% zum Richtpreis fu\u0308hren kann.<\/li><\/ol><\/li><li>Leistungen von PaymentMasta<ol><li>PaymentMasta bietet nebst der Bezahlplattform (nachfolgend: Plattform) auch individuelle<br \/>Software-Entwicklungen auf Angebotsbasis und Professional Services an.<\/li><\/ol><\/li><li>Zahlungsbedingungen<ol><li>Rechnungen fu\u0308r kostenpflichtige Leistungen werden dem Kunden im PDF-Format bereitgestellt.<\/li><li>Der jeweilige Rechnungsbetrag ist binnen 30 Tagen nach Zugang der Rechnung in voller Ho\u0308he an<br \/>PaymentMasta zu zahlen, sofern keine andere Vereinbarung getroffen wurde.<\/li><li>Fu\u0308r die Rechtzeitigkeit von Zahlungen kommt es auf den Eingang des Betrages zu PaymentMasta<br \/>vorbehaltlosen Verfu\u0308gung an.<\/li><li>Bei einer Zahlung per U\u0308berweisung ist der von PaymentMasta vorgegebene Verwendungszweck anzugeben.<br \/>U\u0308berweist der Kunde mit einem anderen Verwendungszweck hat er PaymentMasta unverzu\u0308glich zu informieren<br \/>und PaymentMasta einen Nachweis der Zahlung zukommen zu lassen. Auf diesem Nachweis mu\u0308ssen folgende<br \/>Daten vollsta\u0308ndig und entzifferbar enthalten sein: Die Bankverbindung (IBAN) des Absenderkontos, der<br \/>Name des Kontoinhabers, das Zahlungsdatum, den Betrag, den Verwendungszweck und die Bankverbindung<br \/>(IBAN) des Empfa\u0308ngers. Die Nachweispflicht einer Zahlung liegt beim Kunden.<\/li><li>PaymentMasta ist ferner berechtigt, die Leistungen einzustellen, sofern die Entgelte nicht gezahlt<br \/>werden.<\/li><li>Zahlungen werden in der jeweiligen Landeswa\u0308hrung bzw. CHF oder EUR fa\u0308llig.<\/li><li>Kosten bei Zahlungsverzug: Bearbeitungsgebu\u0308hr (fru\u0308hestens ab Tag 70 nach Rechnungsdatum, bei U\u0308bergabe<br \/>an Inkassodienstleister) abha\u0308ngig von der Forderungsho\u0308he, Maximalbetrag in CHF oder EUR: 50 (bis 20);<br \/>70 (bis 50); 100 (bis 100); 120 (bis 150); 149 (bis 250); 195 (bis 500); 308 (bis 1\u2018500); 448 (bis<br \/>3\u2018000); 1\u2018100 (bis 10\u2018000); 1\u2018510 (bis 20\u2018000); 2\u2018658 (bis 50\u2018000); 6% der Forderung (ab 50\u2018000).<\/li><li>PaymentMasta u\u0308bernimmt keine Haftung fu\u0308r Ausfa\u0308lle, Scha\u0308den oder Umsatzeinbu\u00dfen, die durch eine<br \/>Einstellung der Leistungen aufgrund fehlerhafter oder verspa\u0308teter Zahlung verursacht werden, sofern der<br \/>Fehler oder die Verspa\u0308tung vom Kunden zu vertreten ist.<\/li><li>Rabatte oder Aktionen beziehen sich, soweit nicht anders ausgewiesen, auf die erste Vertragsperiode<br \/>einer Vertragslaufzeit. Die Verla\u0308ngerung des Vertrags erfolgt anschliessend zu dem aktuellen,<br \/>gu\u0308ltigen, vollen Preis. PaymentMasta ist berechtigt, das Angebot, die vertraglich vereinbarten<br \/>Konditionen (ersichtlich im Vertrag und in der Ha\u0308ndler-Administration), sowie Payout-Gebu\u0308hren<br \/>(ersichtlich in der Ha\u0308ndler-Administration) einseitig anzupassen.<\/li><li>Alle Preise verstehen sich inklusive Mehrwertsteuer. Der jeweils gu\u0308ltige Mehrwertsteuersatz ist<br \/>spa\u0308testens auf der Rechnung ausgewiesen. Ist der Kunde bzw. das dazugeho\u0308rige Unternehmen nicht in der<br \/>Schweiz ansa\u0308ssig, erha\u0308lt der Kunde eine Netto-Rechnung.<\/li><\/ol><\/li><li>Nutzung und Sicherheit<ol><li>U\u0308ber die Zahlplattform von PaymentMasta du\u0308rfen Sie lediglich Zahlungen fu\u0308r den rechtma\u0308ssigen Verkauf<br \/>von legalen Waren und Dienstleistungen entsprechend der spezifischen Standards des Gru\u0308ndungslandes des<br \/>Unternehmens und des Landes des Kunden annehmen und verarbeiten. Bestimmte Gescha\u0308ftsmodelle werden bei<br \/>den Zahlungsanbieter PaymentMasta Direct und PaymentMasta Swiss Collecting nicht unterstu\u0308tzt. Diese<br \/>Gescha\u0308ftsmodelle werden von Paymentpartnern festgelegt, die PaymentMasta zur Verarbeitung von<br \/>Transaktionen einsetzt. Durch Ihre Registrierung bei PaymentMasta best\u00e4tigen Sie, dass Sie unsere<br \/>Dienstleistungen nicht f\u00fcr andere Aktivit\u00e4ten nutzen, als die, die w\u00e4hrend der Registrierung bei<br \/>PaymentMasta oder nachtr\u00e4glich ausdr\u00fccklich von PaymentMasta genehmigt wurden. Wenn PaymentMasta davon<br \/>ausgeht oder den Verdacht hat, dass Sie trotzdem Zahlungen f\u00fcr untersagte Aktivit\u00e4ten im Sinne diese<br \/>Bestimmungen annehmen, sind diese Aktivit\u00e4ten auf Verlangen von PaymentMasta unverz\u00fcglich einzustellen.<br \/>Wenn Sie die untersagten Aktivit\u00e4ten nicht innerhalb der von PaymentMasta gesetzten Frist eingestellt<br \/>haben, beh\u00e4lt PaymentMasta sich das Recht vor, diesen Vertrag fristlos zu k\u00fcndigen. Falls PaymentMasta<br \/>feststellt, dass Ihre Aktivita\u0308ten ein Risiko fu\u0308r PaymentMasta oder den Payment-Partnern darstellen,<br \/>beha\u0308lt sich PaymentMasta das Recht vor, diesen Vertrag bei solchen Aktivita\u0308ten mit sofortiger Wirkung<br \/>und ohne vorherige Anku\u0308ndigung zu ku\u0308ndigen.<\/li><li>Bei Verdacht oder Anzeichen auf Betrug, illegale Aktivita\u0308ten oder bei Situationen, die fu\u0308r<br \/>PaymentMasta rufscha\u0308digend sind, hat PaymentMasta das Recht, diesen Vertrag mit sofortiger Wirkung zu<br \/>beenden oder Zahlungen und Auszahlungen voru\u0308bergehend einzustellen. Daru\u0308ber hinaus, kann PaymentMasta,<br \/>nach eigenem Ermessen und in U\u0308bereinstimmung mit ihren internen Richtlinien, beschliessen, in Ihrem<br \/>Namen Ru\u0308ckforderungen vorzunehmen. In solchen Fa\u0308llen werden Sie davon in Kenntnis gesetzt, es sei<br \/>denn, eine solche Benachrichtigung ist gesetzlich nicht erlaubt oder wird im Rahmen der Untersuchung<br \/>nicht f\u00fcr w\u00fcnschenswert erachtet; PaymentMasta haftet nicht f\u00fcr Sch\u00e4den, die infolgedessen entstehen.<\/li><\/ol><\/li><li>Widerrufsrecht<ol><li>Kunden steht grundsa\u0308tzlich ein Widerrufsrecht zu.<\/li><li>Bei dem Widerruf eines Vertrages wird PaymentMasta die im Rahmen dieses Vertrags erhaltene Zahlung<br \/>unverzu\u0308glich und spa\u0308testens binnen vierzehn Tagen ab Erhalt des Widerrufs zuru\u0308ckzahlen. Fu\u0308r diese<br \/>Ru\u0308ckzahlung verwendet PaymentMasta dasselbe Zahlungsmittel, das der Kunde bei der urspru\u0308nglichen<br \/>Transaktion eingesetzt hat.<\/li><\/ol><\/li><li>Datenschutz<ol><li>PaymentMasta tra\u0308gt Sorge dafu\u0308r, dass personenbezogene Daten von Kunden nur erhoben, gespeichert und<br \/>verarbeitet werden, soweit dies zur Erbringung der Leistungen erforderlich und durch gesetzliche<br \/>Vorschriften erlaubt, oder vom Gesetzgeber angeordnet sind.<\/li><li>Fu\u0308r den Fall, dass im Rahmen der Nutzung der Leistungen datenschutzrechtliche Einwilligungserkla\u0308rungen<br \/>des Kunden eingeholt werden, wird darauf hingewiesen, dass diese durch den Kunden jederzeit mit Wirkung<br \/>fu\u0308r die Zukunft widerrufen werden ko\u0308nnen.<\/li><li>Soweit eine Verarbeitung von Daten im Auftrag vorliegt, ko\u0308nnen Kunden um Abschluss eines<br \/>Auftragsdatenverarbeitungsvertrages bitten.<\/li><li>In dem Zusammenhang a\u0308ndert PaymentMasta unter Umsta\u0308nden auch Details der Verarbeitung von Daten u\u0308ber<br \/>dessen Internetseiten. Eine jeweils aktuelle Information zu Zweck, Art und Umfang der Erhebung,<br \/>Verarbeitung und Nutzung personenbezogener Daten sind den Datenschutzhinweisen zu entnehmen. Dort finden<br \/>sich insbesondere auch Angaben zu den von PaymentMasta verwendeten Cookies und Diensten.<\/li><\/ol><\/li><li>Haftungsbeschra\u0308nkung<ol><li>PaymentMasta haftet bei Vorsatz oder grober Fahrla\u0308ssigkeit fu\u0308r alle von PaymentMasta verursachten<br \/>Scha\u0308den beschra\u0308nkt.<\/li><li>Bei leichter Fahrla\u0308ssigkeit haftet PaymentMasta im Fall der Verletzung des Lebens, des Ko\u0308rpers oder<br \/>der Gesundheit beschra\u0308nkt.<\/li><li>Im U\u0308brigen haftet PaymentMasta nur, soweit PaymentMasta eine wesentliche Vertragspflicht verletzt hat.<br \/>Als wesentliche Vertragspflichten werden dabei abstrakt solche Pflichten bezeichnet, deren Erfu\u0308llung<br \/>die ordnungsgema\u0308\u00dfe Durchfu\u0308hrung des Vertrags u\u0308berhaupt erst ermo\u0308glicht und auf deren Einhaltung der<br \/>Kunden regelma\u0308\u00dfig vertrauen darf. In diesen Fa\u0308llen ist die Haftung auf den Ersatz des vorhersehbaren,<br \/>typischerweise eintretenden Schaden, maximal jedoch auf die Ho\u0308he der bereits bezahlten Gebu\u0308hren<br \/>beschra\u0308nkt.<\/li><li>Soweit die Haftung von PaymentMasta nach den vorgenannten Vorschriften ausgeschlossen oder beschra\u0308nkt<br \/>wird, gilt dies auch fu\u0308r Erfu\u0308llungsgehilfen von PaymentMasta.<\/li><li>Die Haftung nach dem Produkthaftungsgesetz bleibt unberu\u0308hrt.<\/li><\/ol><\/li><li>Schlussbestimmungen<ol><li>Es gilt &#8211; soweit rechtlich zula\u0308ssig &#8211; das Recht der schweizerischen Eidgenossenschaft, wobei die<br \/>Geltung des UN-Kaufrechts ausgeschlossen wird.<\/li><li>Ist der Kunde, juristische Person des o\u0308ffentlichen Rechts oder o\u0308ffentlich-rechtlichen<br \/>Sondervermo\u0308gens, so ist unser Unternehmenssitz ausschlie\u00dflicher Gerichtsstand fu\u0308r alle Streitigkeiten<br \/>aus dem Vertragsverha\u0308ltnis.<\/li><li>Sollten einzelne Bestimmungen dieser AGB unwirksam sein oder werden, so beru\u0308hrt dies die Wirksamkeit<br \/>der u\u0308brigen Bestimmungen nicht.<\/li><\/ol><\/li><\/ol>\t\t\t\t\t\t\t\t<\/div>\n\t\t\t\t<\/div>\n\t\t\t\t\t<\/div>\n\t\t<\/div>\n\t\t\t\t\t<\/div>\n\t\t<\/section>\n\t\t\t\t<\/div>\n\t\t","protected":false},"excerpt":{"rendered":"<p>Allgemeine Gescha\u0308ftsbedingungen Allgemeines Diese Allgemeinen Gescha\u0308ftsbedingungen (nachfolgend: AGB) regeln die Rechte und Pflichten imZusammenhang mit der Nutzung der Leistungen des Anbieters PaymentMasta und des PaymentMasta Kunden imZusammenhang mit der Inanspruchnahme der PaymentMasta Leistungen und der weiteren angebotenen Dienste,Anwendungen, mobilen Anwendungen und Funktionen, die von PaymentMasta angeboten werden, sofernPaymentMasta nicht ausdru\u0308cklich etwas anderes festlegt. Es gelten&hellip; <a class=\"more-link\" href=\"http:\/\/paymentmasta.com\/de\/allgemeine-geschaftsbedingungen\/\">Continue reading <span class=\"screen-reader-text\">Allgemeine-Gesch\u00e4ftsbedingungen<\/span><\/a><\/p>\n","protected":false},"author":1,"featured_media":0,"parent":0,"menu_order":0,"comment_status":"closed","ping_status":"closed","template":"elementor_header_footer","meta":{"footnotes":""},"class_list":["post-1932","page","type-page","status-publish","hentry","entry"],"_links":{"self":[{"href":"http:\/\/paymentmasta.com\/de\/wp-json\/wp\/v2\/pages\/1932","targetHints":{"allow":["GET"]}}],"collection":[{"href":"http:\/\/paymentmasta.com\/de\/wp-json\/wp\/v2\/pages"}],"about":[{"href":"http:\/\/paymentmasta.com\/de\/wp-json\/wp\/v2\/types\/page"}],"author":[{"embeddable":true,"href":"http:\/\/paymentmasta.com\/de\/wp-json\/wp\/v2\/users\/1"}],"replies":[{"embeddable":true,"href":"http:\/\/paymentmasta.com\/de\/wp-json\/wp\/v2\/comments?post=1932"}],"version-history":[{"count":1,"href":"http:\/\/paymentmasta.com\/de\/wp-json\/wp\/v2\/pages\/1932\/revisions"}],"predecessor-version":[{"id":4007,"href":"http:\/\/paymentmasta.com\/de\/wp-json\/wp\/v2\/pages\/1932\/revisions\/4007"}],"wp:attachment":[{"href":"http:\/\/paymentmasta.com\/de\/wp-json\/wp\/v2\/media?parent=1932"}],"curies":[{"name":"wp","href":"https:\/\/api.w.org\/{rel}","templated":true}]}}