{"id":2137,"date":"2023-02-06T22:13:47","date_gmt":"2023-02-06T22:13:47","guid":{"rendered":"https:\/\/paymentmasta.com\/?page_id=2137"},"modified":"2025-09-16T04:41:13","modified_gmt":"2025-09-16T04:41:13","slug":"impressum","status":"publish","type":"page","link":"http:\/\/paymentmasta.com\/en\/impressum\/","title":{"rendered":"Imprint"},"content":{"rendered":"<div data-elementor-type=\"wp-page\" data-elementor-id=\"2137\" class=\"elementor elementor-2137\">\n\t\t\t\t\t\t<section class=\"elementor-section elementor-top-section elementor-element elementor-element-f72e64a elementor-section-boxed elementor-section-height-default elementor-section-height-default\" data-id=\"f72e64a\" data-element_type=\"section\">\n\t\t\t\t\t\t<div class=\"elementor-container elementor-column-gap-default\">\n\t\t\t\t\t<div class=\"elementor-column elementor-col-100 elementor-top-column elementor-element elementor-element-f7e2ff0\" data-id=\"f7e2ff0\" data-element_type=\"column\">\n\t\t\t<div class=\"elementor-widget-wrap elementor-element-populated\">\n\t\t\t\t\t\t<div class=\"elementor-element elementor-element-2531404 elementor-widget elementor-widget-heading\" data-id=\"2531404\" data-element_type=\"widget\" data-widget_type=\"heading.default\">\n\t\t\t\t<div class=\"elementor-widget-container\">\n\t\t\t\t\t<h2 class=\"elementor-heading-title elementor-size-default\">Imprint<\/h2>\t\t\t\t<\/div>\n\t\t\t\t<\/div>\n\t\t\t\t\t<\/div>\n\t\t<\/div>\n\t\t\t\t\t<\/div>\n\t\t<\/section>\n\t\t\t\t<section class=\"elementor-section elementor-top-section elementor-element elementor-element-ede9e51 elementor-section-boxed elementor-section-height-default elementor-section-height-default\" data-id=\"ede9e51\" data-element_type=\"section\">\n\t\t\t\t\t\t<div class=\"elementor-container elementor-column-gap-default\">\n\t\t\t\t\t<div class=\"elementor-column elementor-col-100 elementor-top-column elementor-element elementor-element-f2910eb\" data-id=\"f2910eb\" data-element_type=\"column\">\n\t\t\t<div class=\"elementor-widget-wrap elementor-element-populated\">\n\t\t\t\t\t\t<div class=\"elementor-element elementor-element-4a6b24a elementor-widget elementor-widget-text-editor\" data-id=\"4a6b24a\" data-element_type=\"widget\" data-widget_type=\"text-editor.default\">\n\t\t\t\t<div class=\"elementor-widget-container\">\n\t\t\t\t\t\t\t\t\t<p>WebMasta GmbH<br \/>Tannackerstrasse 40A<br \/>3302 Moosseedorf<br \/>Schweiz<\/p><p>Phone <a href=\"tel:+41796857230\">+41 79 685 72 30<\/a><br \/>Email: <a href=\"\/en\/info@webmasta.ch\/\">info@webmasta.ch<\/a><\/p><p><b>Authorized representative(s)<\/b><br \/>Kishan Rajah, Managing Director<br \/>Banuyan Sasikaran, Managing Director<\/p><p><b>Commercial register entry<br \/>Registered company name:<\/b><br \/>WebMasta GmbH<\/p><p><b>Company No. (UID):<\/b><br \/>CHE-209.059.503<\/p><p><b>VAT number\u00bb<\/b><br \/>CHE-209.059.503 MWST<\/p><p><b>Disclaimer<\/b><br \/>The author assumes no responsibility for the correctness, accuracy, timeliness, reliability and completeness of the information.<\/p><p>Liability claims regarding damage caused by the use of any information provided, including any kind of information which is incomplete or incorrect, will therefore be rejected.<\/p><p>All offers are non-binding. The author expressly reserves the right to change, supplement or delete parts of the pages or the entire offer without special notice or to cease publication temporarily or permanently.<\/p><p><b>Disclaimer for links<\/b><br \/>References and links to third party websites are outside our area of responsibility. Any responsibility for such websites is declined. The access and use of such websites is at the own risk of the respective user.<\/p><p><b>Copyrights<\/b><br \/>The copyrights and all other rights to the content, images, photos or other files on this website, belong exclusively to the company WebMasta or the specifically mentioned rights holders. For the reproduction of any elements, the written consent of the copyright holder must be obtained in advance.<br \/>Source: SwissAnwalt<\/p>\t\t\t\t\t\t\t\t<\/div>\n\t\t\t\t<\/div>\n\t\t\t\t\t<\/div>\n\t\t<\/div>\n\t\t\t\t\t<\/div>\n\t\t<\/section>\n\t\t\t\t<\/div>","protected":false},"excerpt":{"rendered":"<p>Impressum WebMasta GmbHTannackerstrasse 40A3302 MoosseedorfSchweiz Telefon: +41 79 685 72 30E-Mail: info@webmasta.ch Vertretungsberechtigte Person(en)Kishan Rajah, Gesch\u00e4ftsleitungBanuyan Sasikaran, Gesch\u00e4ftsleitung Handelsregister-EintragEingetragener Firmenname:WebMasta GmbH Unternehmens-Nr (UID):CHE-209.059.503 Mehrwertsteuer-Nummer&#187;CHE-209.059.503 MWST HaftungsausschlussDer Autor \u00fcbernimmt keinerlei Gew\u00e4hr hinsichtlich der inhaltlichen Richtigkeit, Genauigkeit, Aktualit\u00e4t, Zuverl\u00e4ssigkeit und Vollst\u00e4ndigkeit der Informationen. Haftungsanspr\u00fcche gegen den Autor wegen Sch\u00e4den materieller oder immaterieller Art, welche aus dem Zugriff&hellip; <a class=\"more-link\" href=\"http:\/\/paymentmasta.com\/en\/impressum\/\">Continue reading <span class=\"screen-reader-text\">Imprint<\/span><\/a><\/p>","protected":false},"author":1,"featured_media":0,"parent":0,"menu_order":0,"comment_status":"closed","ping_status":"closed","template":"elementor_header_footer","meta":{"footnotes":""},"class_list":["post-2137","page","type-page","status-publish","hentry","entry"],"_links":{"self":[{"href":"http:\/\/paymentmasta.com\/en\/wp-json\/wp\/v2\/pages\/2137","targetHints":{"allow":["GET"]}}],"collection":[{"href":"http:\/\/paymentmasta.com\/en\/wp-json\/wp\/v2\/pages"}],"about":[{"href":"http:\/\/paymentmasta.com\/en\/wp-json\/wp\/v2\/types\/page"}],"author":[{"embeddable":true,"href":"http:\/\/paymentmasta.com\/en\/wp-json\/wp\/v2\/users\/1"}],"replies":[{"embeddable":true,"href":"http:\/\/paymentmasta.com\/en\/wp-json\/wp\/v2\/comments?post=2137"}],"version-history":[{"count":0,"href":"http:\/\/paymentmasta.com\/en\/wp-json\/wp\/v2\/pages\/2137\/revisions"}],"wp:attachment":[{"href":"http:\/\/paymentmasta.com\/en\/wp-json\/wp\/v2\/media?parent=2137"}],"curies":[{"name":"wp","href":"https:\/\/api.w.org\/{rel}","templated":true}]}}